{"id":528,"date":"2023-10-16T17:59:44","date_gmt":"2023-10-16T15:59:44","guid":{"rendered":"https:\/\/quart-temps-paysan.fr\/?page_id=528"},"modified":"2025-06-13T11:57:11","modified_gmt":"2025-06-13T09:57:11","slug":"nous-rejoindre","status":"publish","type":"page","link":"https:\/\/quart-temps-paysan.fr\/index.php\/nous-rejoindre\/","title":{"rendered":"Nous rejoindre"},"content":{"rendered":"\n<h2 class=\"wp-block-heading\">Rejoindre ou adh\u00e9rer au Quart-temps Paysan, c&rsquo;est possible !<\/h2>\n\n\n\n<div style=\"height:25px\" aria-hidden=\"true\" class=\"wp-block-spacer\"><\/div>\n\n\n\n<div class=\"wp-block-group is-layout-constrained wp-block-group-is-layout-constrained\">\n<h2 class=\"wp-block-heading\"><\/h2>\n<\/div>\n\n\n\n<div class=\"wp-block-group is-layout-constrained wp-block-group-is-layout-constrained\">\n<div class=\"wp-block-group is-layout-constrained wp-block-group-is-layout-constrained\">\n<div class=\"wp-block-columns alignwide is-layout-flex wp-container-core-columns-is-layout-e22e0444 wp-block-columns-is-layout-flex\" id=\"rejoindre\" style=\"padding-top:var(--wp--preset--spacing--70);padding-right:var(--wp--preset--spacing--30);padding-bottom:var(--wp--preset--spacing--70);padding-left:var(--wp--preset--spacing--30)\">\n<div class=\"wp-block-column is-layout-flow wp-block-column-is-layout-flow\">\n<div class=\"wp-block-group is-layout-constrained wp-block-group-is-layout-constrained\">\n<div class=\"wp-block-group is-layout-constrained wp-block-group-is-layout-constrained\">\n<figure class=\"wp-block-image size-full\"><a href=\"https:\/\/quart-temps-paysan.fr\/index.php\/nous-rejoindre\/#ferme\"><img loading=\"lazy\" decoding=\"async\" width=\"1000\" height=\"1000\" src=\"http:\/\/quart-temps-paysan.fr\/wp-content\/uploads\/2023\/07\/ferme2.png\" alt=\"\" class=\"wp-image-289\" srcset=\"https:\/\/quart-temps-paysan.fr\/wp-content\/uploads\/2023\/07\/ferme2.png 1000w, https:\/\/quart-temps-paysan.fr\/wp-content\/uploads\/2023\/07\/ferme2-300x300.png 300w, https:\/\/quart-temps-paysan.fr\/wp-content\/uploads\/2023\/07\/ferme2-150x150.png 150w, https:\/\/quart-temps-paysan.fr\/wp-content\/uploads\/2023\/07\/ferme2-768x768.png 768w\" sizes=\"auto, (max-width: 1000px) 100vw, 1000px\" \/><\/a><\/figure>\n\n\n\n<div style=\"height:15px\" aria-hidden=\"true\" class=\"wp-block-spacer\"><\/div>\n\n\n\n<p class=\"has-text-align-center has-normal-font-size\">Vous \u00eates une ferme\u202f?<\/p>\n<\/div>\n<\/div>\n<\/div>\n\n\n\n<div class=\"wp-block-column is-layout-flow wp-block-column-is-layout-flow\">\n<div class=\"wp-block-group is-layout-constrained wp-block-group-is-layout-constrained\">\n<figure class=\"wp-block-image size-full\"><a href=\"https:\/\/quart-temps-paysan.fr\/index.php\/nous-rejoindre\/#salarie\"><img loading=\"lazy\" decoding=\"async\" width=\"1000\" height=\"1000\" src=\"http:\/\/quart-temps-paysan.fr\/wp-content\/uploads\/2023\/07\/408625-PD4AWE-228-1.png\" alt=\"\" class=\"wp-image-290\" srcset=\"https:\/\/quart-temps-paysan.fr\/wp-content\/uploads\/2023\/07\/408625-PD4AWE-228-1.png 1000w, https:\/\/quart-temps-paysan.fr\/wp-content\/uploads\/2023\/07\/408625-PD4AWE-228-1-300x300.png 300w, https:\/\/quart-temps-paysan.fr\/wp-content\/uploads\/2023\/07\/408625-PD4AWE-228-1-150x150.png 150w, https:\/\/quart-temps-paysan.fr\/wp-content\/uploads\/2023\/07\/408625-PD4AWE-228-1-768x768.png 768w\" sizes=\"auto, (max-width: 1000px) 100vw, 1000px\" \/><\/a><\/figure>\n\n\n\n<div style=\"height:15px\" aria-hidden=\"true\" class=\"wp-block-spacer\"><\/div>\n\n\n\n<p class=\"has-text-align-center has-normal-font-size\">Vous \u00eates salari\u00e9\u00b7e ?<\/p>\n<\/div>\n<\/div>\n\n\n\n<div class=\"wp-block-column is-layout-flow wp-container-core-column-is-layout-85e0d46d wp-block-column-is-layout-flow\" style=\"border-style:none;border-width:0px;padding-top:0;padding-right:var(--wp--preset--spacing--20);padding-bottom:0;padding-left:var(--wp--preset--spacing--20)\">\n<div class=\"wp-block-group is-layout-constrained wp-block-group-is-layout-constrained\" style=\"padding-top:var(--wp--preset--spacing--30);padding-bottom:var(--wp--preset--spacing--30)\">\n<figure class=\"wp-block-image aligncenter size-full\"><a href=\"https:\/\/quart-temps-paysan.fr\/index.php\/nous-rejoindre\/#employeureuse\"><img loading=\"lazy\" decoding=\"async\" width=\"1000\" height=\"1000\" src=\"http:\/\/quart-temps-paysan.fr\/wp-content\/uploads\/2023\/11\/imageentrepriseqtp-1.png\" alt=\"\" class=\"wp-image-806\" style=\"object-fit:cover\" srcset=\"https:\/\/quart-temps-paysan.fr\/wp-content\/uploads\/2023\/11\/imageentrepriseqtp-1.png 1000w, https:\/\/quart-temps-paysan.fr\/wp-content\/uploads\/2023\/11\/imageentrepriseqtp-1-300x300.png 300w, https:\/\/quart-temps-paysan.fr\/wp-content\/uploads\/2023\/11\/imageentrepriseqtp-1-150x150.png 150w, https:\/\/quart-temps-paysan.fr\/wp-content\/uploads\/2023\/11\/imageentrepriseqtp-1-768x768.png 768w\" sizes=\"auto, (max-width: 1000px) 100vw, 1000px\" \/><\/a><\/figure>\n\n\n\n<div style=\"height:0px\" aria-hidden=\"true\" class=\"wp-block-spacer\"><\/div>\n\n\n\n<p class=\"has-text-align-center\" style=\"font-size:18px\">Vous \u00eates une entreprise ?<\/p>\n<\/div>\n<\/div>\n\n\n\n<div class=\"wp-block-column is-layout-flow wp-block-column-is-layout-flow\">\n<div style=\"height:49px\" aria-hidden=\"true\" class=\"wp-block-spacer\"><\/div>\n\n\n\n<figure class=\"wp-block-image size-large\"><a href=\"https:\/\/quart-temps-paysan.fr\/index.php\/nous-rejoindre\/#citoyen\"><img loading=\"lazy\" decoding=\"async\" width=\"1024\" height=\"694\" src=\"http:\/\/quart-temps-paysan.fr\/wp-content\/uploads\/2024\/05\/highFive-1024x694.png\" alt=\"\" class=\"wp-image-921\" srcset=\"https:\/\/quart-temps-paysan.fr\/wp-content\/uploads\/2024\/05\/highFive-1024x694.png 1024w, https:\/\/quart-temps-paysan.fr\/wp-content\/uploads\/2024\/05\/highFive-300x203.png 300w, https:\/\/quart-temps-paysan.fr\/wp-content\/uploads\/2024\/05\/highFive-768x521.png 768w, https:\/\/quart-temps-paysan.fr\/wp-content\/uploads\/2024\/05\/highFive.png 1422w\" sizes=\"auto, (max-width: 1024px) 100vw, 1024px\" \/><\/a><\/figure>\n\n\n\n<div style=\"height:38px\" aria-hidden=\"true\" class=\"wp-block-spacer\"><\/div>\n\n\n\n<p class=\"has-text-align-center has-normal-font-size\">Vous \u00eates citoyen\u00b7ne ?&nbsp;<\/p>\n<\/div>\n<\/div>\n\n\n\n<h2 class=\"wp-block-heading\"><\/h2>\n\n\n\n<div style=\"height:27px\" aria-hidden=\"true\" class=\"wp-block-spacer\"><\/div>\n<\/div>\n<\/div>\n\n\n\n<div style=\"height:100px\" aria-hidden=\"true\" class=\"wp-block-spacer\"><\/div>\n\n\n\n<div id=\"ferme\" class=\"wp-block-group has-border-color has-raft-accent-border-color has-raft-fg-alt-background-color has-background is-layout-constrained wp-container-core-group-is-layout-dc224b7f wp-block-group-is-layout-constrained\" style=\"border-style:dashed;border-width:6px;border-radius:69px;min-height:0px;margin-top:var(--wp--preset--spacing--40);margin-bottom:var(--wp--preset--spacing--40);padding-top:var(--wp--preset--spacing--60);padding-right:var(--wp--preset--spacing--20);padding-bottom:var(--wp--preset--spacing--60);padding-left:var(--wp--preset--spacing--20)\">\n<div class=\"wp-block-group is-layout-flow wp-block-group-is-layout-flow\">\n<h2 class=\"wp-block-heading has-text-align-center has-huge-font-size\">Vous \u00eates paysan\u00b7ne \ud83e\udd66<\/h2>\n\n\n\n<div style=\"height:30px\" aria-hidden=\"true\" class=\"wp-block-spacer\"><\/div>\n\n\n\n<p class=\"has-text-align-center has-large-font-size\" style=\"margin-right:var(--wp--preset--spacing--60);margin-left:var(--wp--preset--spacing--60)\">Vous \u00eates en agriculture biologique ou paysanne et vous avez envie d&rsquo;accueillir des salari\u00e9\u22c5es volontaires sur votre ferme ?<\/p>\n\n\n\n<div style=\"height:40px\" aria-hidden=\"true\" class=\"wp-block-spacer\"><\/div>\n<\/div>\n\n\n\n<div class=\"wp-block-group alignwide is-layout-flow wp-block-group-is-layout-flow\">\n<div class=\"wp-block-columns are-vertically-aligned-center is-layout-flex wp-container-core-columns-is-layout-c2e53c4c wp-block-columns-is-layout-flex\" style=\"padding-right:var(--wp--preset--spacing--60);padding-left:var(--wp--preset--spacing--60)\">\n<div class=\"wp-block-column is-vertically-aligned-center is-layout-flow wp-block-column-is-layout-flow\">\n<figure class=\"wp-block-image size-full\"><img loading=\"lazy\" decoding=\"async\" width=\"301\" height=\"376\" src=\"http:\/\/quart-temps-paysan.fr\/wp-content\/uploads\/2024\/05\/Capture-decran-du-2024-05-06-18-19-15.png\" alt=\"\" class=\"wp-image-888\" srcset=\"https:\/\/quart-temps-paysan.fr\/wp-content\/uploads\/2024\/05\/Capture-decran-du-2024-05-06-18-19-15.png 301w, https:\/\/quart-temps-paysan.fr\/wp-content\/uploads\/2024\/05\/Capture-decran-du-2024-05-06-18-19-15-240x300.png 240w\" sizes=\"auto, (max-width: 301px) 100vw, 301px\" \/><\/figure>\n<\/div>\n\n\n\n<div class=\"wp-block-column is-vertically-aligned-center popmake-880 is-layout-flow wp-container-core-column-is-layout-119bc444 wp-block-column-is-layout-flow\">\n<p>En 2025, nous souhaitons lancer une exp\u00e9rimentation-pilote dans les Hauts-de-France, peut-\u00eatre que votre ferme peut en faire partie ?<\/p>\n\n\n\n<p>Si vous souhaitez rejoindre notre r\u00e9seau de partenaires, contactez-nous ! <\/p>\n\n\n\n<p>Vous voulez soutenir le projet, n&rsquo;h\u00e9sitez pas \u00e0 adh\u00e9rer !<\/p>\n\n\n\n<div class=\"wp-block-buttons is-content-justification-center is-layout-flex wp-container-core-buttons-is-layout-a89b3969 wp-block-buttons-is-layout-flex\">\n<div class=\"wp-block-button\"><a class=\"wp-block-button__link wp-element-button\" href=\"https:\/\/www.helloasso.com\/associations\/le-quart-temps-paysan\/adhesions\/adhesion-annuelle-au-quart-temps-paysan\">Adh\u00e9rer !<\/a><\/div>\n<\/div>\n<\/div>\n<\/div>\n<\/div>\n<\/div>\n\n\n\n<div style=\"height:100px\" aria-hidden=\"true\" class=\"wp-block-spacer\"><\/div>\n\n\n\n<div id=\"salarie\" class=\"wp-block-group has-border-color has-light-green-cyan-border-color has-raft-fg-alt-background-color has-background is-layout-constrained wp-container-core-group-is-layout-dc224b7f wp-block-group-is-layout-constrained\" style=\"border-style:dashed;border-width:6px;border-radius:69px;min-height:0px;margin-top:var(--wp--preset--spacing--40);margin-bottom:var(--wp--preset--spacing--40);padding-top:var(--wp--preset--spacing--60);padding-right:var(--wp--preset--spacing--20);padding-bottom:var(--wp--preset--spacing--60);padding-left:var(--wp--preset--spacing--20)\">\n<div class=\"wp-block-group is-layout-flow wp-block-group-is-layout-flow\">\n<h2 class=\"wp-block-heading has-text-align-center has-huge-font-size\">Vous \u00eates salari\u00e9\u00b7e \ud83d\udda5\ufe0f<\/h2>\n\n\n\n<div style=\"height:30px\" aria-hidden=\"true\" class=\"wp-block-spacer\"><\/div>\n\n\n\n<p class=\"has-text-align-center has-large-font-size\" style=\"margin-right:var(--wp--preset--spacing--60);margin-left:var(--wp--preset--spacing--60)\">Vous travaillez dans une association, une entreprise ou une collectivit\u00e9 et vous avez envie de mettre les mains dans la terre en soutenant un\u22c5e paysan\u22c5ne du territoire, alors le projet est s\u00fbrement fait pour vous !<\/p>\n\n\n\n<div style=\"height:40px\" aria-hidden=\"true\" class=\"wp-block-spacer\"><\/div>\n<\/div>\n\n\n\n<div class=\"wp-block-group alignwide is-layout-flow wp-block-group-is-layout-flow\">\n<div class=\"wp-block-columns are-vertically-aligned-center is-layout-flex wp-container-core-columns-is-layout-c2e53c4c wp-block-columns-is-layout-flex\" style=\"padding-right:var(--wp--preset--spacing--60);padding-left:var(--wp--preset--spacing--60)\">\n<div class=\"wp-block-column is-vertically-aligned-center is-layout-flow wp-container-core-column-is-layout-119bc444 wp-block-column-is-layout-flow\">\n<p><\/p>\n\n\n\n<p>Nous souhaitons lancer une exp\u00e9rimentation-pilote, peut-\u00eatre que vous pourriez en faire partie ?<\/p>\n\n\n\n<p class=\"has-link-color wp-elements-33ffa800edd7b7c26d1cf6a5c634eeda\">Nous avons identifi\u00e9 des fermes partenaires. Pour lancer le projet, nous devons maintenant trouver des structures employeuses volontaires. Nous pouvons vous aider \u00e0 en discuter avec votre employeur.  <\/p>\n\n\n\n<p class=\"has-link-color wp-elements-5a16bdd86bd1c0e7e7b4496a2a69fd71\"><\/p>\n\n\n\n<div class=\"wp-block-buttons is-content-justification-center is-layout-flex wp-container-core-buttons-is-layout-a89b3969 wp-block-buttons-is-layout-flex\">\n<div class=\"wp-block-button\"><a class=\"wp-block-button__link wp-element-button\" href=\"https:\/\/www.helloasso.com\/associations\/le-quart-temps-paysan\/adhesions\/adhesion-annuelle-au-quart-temps-paysan\">Adh\u00e9rer !<\/a><\/div>\n<\/div>\n<\/div>\n\n\n\n<div class=\"wp-block-column is-vertically-aligned-center is-layout-flow wp-block-column-is-layout-flow\">\n<figure class=\"wp-block-image size-full\"><img loading=\"lazy\" decoding=\"async\" width=\"1000\" height=\"1000\" src=\"http:\/\/quart-temps-paysan.fr\/wp-content\/uploads\/2023\/07\/408625-PD4AWE-228-1.png\" alt=\"\" class=\"wp-image-290\" srcset=\"https:\/\/quart-temps-paysan.fr\/wp-content\/uploads\/2023\/07\/408625-PD4AWE-228-1.png 1000w, https:\/\/quart-temps-paysan.fr\/wp-content\/uploads\/2023\/07\/408625-PD4AWE-228-1-300x300.png 300w, https:\/\/quart-temps-paysan.fr\/wp-content\/uploads\/2023\/07\/408625-PD4AWE-228-1-150x150.png 150w, https:\/\/quart-temps-paysan.fr\/wp-content\/uploads\/2023\/07\/408625-PD4AWE-228-1-768x768.png 768w\" sizes=\"auto, (max-width: 1000px) 100vw, 1000px\" \/><\/figure>\n<\/div>\n<\/div>\n<\/div>\n<\/div>\n\n\n\n<div style=\"height:100px\" aria-hidden=\"true\" class=\"wp-block-spacer\"><\/div>\n\n\n\n<div id=\"employeureuse\" class=\"wp-block-group has-border-color has-raft-accent-secondary-border-color has-raft-fg-alt-background-color has-background is-layout-constrained wp-container-core-group-is-layout-dc224b7f wp-block-group-is-layout-constrained\" style=\"border-style:dashed;border-width:6px;border-radius:69px;min-height:0px;margin-top:var(--wp--preset--spacing--40);margin-bottom:var(--wp--preset--spacing--40);padding-top:var(--wp--preset--spacing--60);padding-right:var(--wp--preset--spacing--20);padding-bottom:var(--wp--preset--spacing--60);padding-left:var(--wp--preset--spacing--20)\">\n<div class=\"wp-block-group is-layout-flow wp-block-group-is-layout-flow\">\n<h2 class=\"wp-block-heading has-text-align-center has-huge-font-size\">Vous \u00eates une organisation employeuse \ud83d\udcca<\/h2>\n\n\n\n<div style=\"height:30px\" aria-hidden=\"true\" class=\"wp-block-spacer\"><\/div>\n\n\n\n<p class=\"has-text-align-center has-large-font-size\" style=\"padding-right:var(--wp--preset--spacing--60);padding-left:var(--wp--preset--spacing--60)\">Vous \u00eates une structure employeuse (une entreprise priv\u00e9e, une association ou une collectivit\u00e9) soucieuse du bien-\u00eatre de vos salari\u00e9\u22c5es et vous souhaitez renforcer votre engagement en faveur de la transition \u00e9cologique ? Vous \u00eates au bon endroit !<\/p>\n\n\n\n<div style=\"height:40px\" aria-hidden=\"true\" class=\"wp-block-spacer\"><\/div>\n<\/div>\n\n\n\n<div class=\"wp-block-group alignwide is-layout-flow wp-block-group-is-layout-flow\">\n<div class=\"wp-block-columns are-vertically-aligned-center is-layout-flex wp-container-core-columns-is-layout-c2e53c4c wp-block-columns-is-layout-flex\" style=\"padding-right:var(--wp--preset--spacing--60);padding-left:var(--wp--preset--spacing--60)\">\n<div class=\"wp-block-column is-vertically-aligned-center is-layout-flow wp-container-core-column-is-layout-119bc444 wp-block-column-is-layout-flow\">\n<p>En 2025, nous sommes \u00e0 la recherche d&rsquo;organisations motiv\u00e9\u22c5es pour tenter l&rsquo;aventure : permettre \u00e0 leurs salari\u00e9\u22c5es motiv\u00e9\u22c5es de se rendre 1 \u00e0 4 fois par mois dans des fermes partenaires.<\/p>\n\n\n\n<p>Vous \u00eates int\u00e9ress\u00e9\u22c5e et vous souhaitez en savoir plus ? Contactez nous !<\/p>\n\n\n\n<div class=\"wp-block-buttons is-content-justification-center is-layout-flex wp-container-core-buttons-is-layout-a89b3969 wp-block-buttons-is-layout-flex\">\n<div class=\"wp-block-button\"><a class=\"wp-block-button__link wp-element-button\" href=\"https:\/\/www.helloasso.com\/associations\/le-quart-temps-paysan\/adhesions\/adhesion-annuelle-au-quart-temps-paysan\">Adh\u00e9rer !<\/a><\/div>\n<\/div>\n<\/div>\n\n\n\n<div class=\"wp-block-column is-vertically-aligned-center is-layout-flow wp-block-column-is-layout-flow\">\n<figure class=\"wp-block-image size-full\"><img loading=\"lazy\" decoding=\"async\" width=\"1000\" height=\"1000\" src=\"http:\/\/quart-temps-paysan.fr\/wp-content\/uploads\/2023\/11\/imageentrepriseqtp-1.png\" alt=\"\" class=\"wp-image-806\" srcset=\"https:\/\/quart-temps-paysan.fr\/wp-content\/uploads\/2023\/11\/imageentrepriseqtp-1.png 1000w, https:\/\/quart-temps-paysan.fr\/wp-content\/uploads\/2023\/11\/imageentrepriseqtp-1-300x300.png 300w, https:\/\/quart-temps-paysan.fr\/wp-content\/uploads\/2023\/11\/imageentrepriseqtp-1-150x150.png 150w, https:\/\/quart-temps-paysan.fr\/wp-content\/uploads\/2023\/11\/imageentrepriseqtp-1-768x768.png 768w\" sizes=\"auto, (max-width: 1000px) 100vw, 1000px\" \/><\/figure>\n<\/div>\n<\/div>\n<\/div>\n<\/div>\n\n\n\n<div style=\"height:100px\" aria-hidden=\"true\" class=\"wp-block-spacer\"><\/div>\n\n\n\n<div id=\"citoyenne\" class=\"wp-block-group has-border-color has-light-green-cyan-border-color has-raft-fg-alt-background-color has-background is-layout-constrained wp-container-core-group-is-layout-dc224b7f wp-block-group-is-layout-constrained\" style=\"border-style:dashed;border-width:6px;border-radius:69px;min-height:0px;margin-top:var(--wp--preset--spacing--40);margin-bottom:var(--wp--preset--spacing--40);padding-top:var(--wp--preset--spacing--60);padding-right:var(--wp--preset--spacing--20);padding-bottom:var(--wp--preset--spacing--60);padding-left:var(--wp--preset--spacing--20)\">\n<div class=\"wp-block-group is-layout-flow wp-block-group-is-layout-flow\">\n<h2 class=\"wp-block-heading has-text-align-center has-huge-font-size\" id=\"citoyen\">Vous \u00eates citoyen\u00b7ne \ud83d\udc4b<\/h2>\n\n\n\n<div style=\"height:30px\" aria-hidden=\"true\" class=\"wp-block-spacer\"><\/div>\n\n\n\n<p class=\"has-text-align-center has-large-font-size\" style=\"padding-right:var(--wp--preset--spacing--60);padding-left:var(--wp--preset--spacing--60)\">Vous souhaitez vous engager pour le d\u00e9veloppement d&rsquo;une agriculture bas-carbone ? Vous avez envie de cr\u00e9er du lien pour d\u00e9velopper l&rsquo;agriculture nourrici\u00e8re sur votre territoire ?<br>Vous \u00eates au bon endroit !<\/p>\n\n\n\n<div style=\"height:40px\" aria-hidden=\"true\" class=\"wp-block-spacer\"><\/div>\n<\/div>\n\n\n\n<div class=\"wp-block-group alignwide is-layout-flow wp-block-group-is-layout-flow\">\n<div class=\"wp-block-columns are-vertically-aligned-center is-layout-flex wp-container-core-columns-is-layout-c2e53c4c wp-block-columns-is-layout-flex\" style=\"padding-right:var(--wp--preset--spacing--60);padding-left:var(--wp--preset--spacing--60)\">\n<div class=\"wp-block-column is-vertically-aligned-center is-layout-flow wp-container-core-column-is-layout-119bc444 wp-block-column-is-layout-flow\">\n<p>Nous avons besoin de vous pour faire parler du projet ! <br>Relayez nos actualit\u00e9s, devenez ambassadeur\u00b7ice du Quart-temps Paysan.<\/p>\n\n\n\n<p>Le projet vous parle et vous avez envie de rejoindre l&rsquo;aventure ? N&rsquo;h\u00e9sitez pas \u00e0 nous contacter, nous sommes toujours \u00e0 la recherche de forces vives \ud83d\ude42<\/p>\n\n\n\n<div class=\"wp-block-buttons is-content-justification-center is-layout-flex wp-container-core-buttons-is-layout-a89b3969 wp-block-buttons-is-layout-flex\">\n<div class=\"wp-block-button\"><a class=\"wp-block-button__link wp-element-button\" href=\"https:\/\/www.helloasso.com\/associations\/le-quart-temps-paysan\/adhesions\/adhesion-annuelle-au-quart-temps-paysan\">Adh\u00e9rer !<\/a><\/div>\n<\/div>\n<\/div>\n\n\n\n<div class=\"wp-block-column is-vertically-aligned-center is-layout-flow wp-block-column-is-layout-flow\">\n<figure class=\"wp-block-image size-full\"><img loading=\"lazy\" decoding=\"async\" width=\"1422\" height=\"964\" src=\"http:\/\/quart-temps-paysan.fr\/wp-content\/uploads\/2024\/05\/highFive.png\" alt=\"\" class=\"wp-image-921\" srcset=\"https:\/\/quart-temps-paysan.fr\/wp-content\/uploads\/2024\/05\/highFive.png 1422w, https:\/\/quart-temps-paysan.fr\/wp-content\/uploads\/2024\/05\/highFive-300x203.png 300w, https:\/\/quart-temps-paysan.fr\/wp-content\/uploads\/2024\/05\/highFive-1024x694.png 1024w, https:\/\/quart-temps-paysan.fr\/wp-content\/uploads\/2024\/05\/highFive-768x521.png 768w\" sizes=\"auto, (max-width: 1422px) 100vw, 1422px\" \/><\/figure>\n<\/div>\n<\/div>\n<\/div>\n<\/div>\n\n\n\n<p><\/p>\n","protected":false},"excerpt":{"rendered":"<p>Rejoindre ou adh\u00e9rer au Quart-temps Paysan, c&rsquo;est possible ! Vous \u00eates une ferme\u202f? Vous \u00eates salari\u00e9\u00b7e ? Vous \u00eates une entreprise ? Vous \u00eates citoyen\u00b7ne ?&nbsp; Vous \u00eates paysan\u00b7ne \ud83e\udd66 Vous \u00eates en agriculture biologique ou paysanne et vous avez envie d&rsquo;accueillir des salari\u00e9\u22c5es volontaires sur votre ferme ? En 2025, nous souhaitons lancer une [&hellip;]<\/p>\n","protected":false},"author":1,"featured_media":0,"parent":0,"menu_order":0,"comment_status":"closed","ping_status":"closed","template":"","meta":{"footnotes":""},"class_list":["post-528","page","type-page","status-publish","hentry"],"blog_post_layout_featured_media_urls":{"thumbnail":"","full":""},"categories_names":null,"comments_number":"0","_links":{"self":[{"href":"https:\/\/quart-temps-paysan.fr\/index.php\/wp-json\/wp\/v2\/pages\/528","targetHints":{"allow":["GET"]}}],"collection":[{"href":"https:\/\/quart-temps-paysan.fr\/index.php\/wp-json\/wp\/v2\/pages"}],"about":[{"href":"https:\/\/quart-temps-paysan.fr\/index.php\/wp-json\/wp\/v2\/types\/page"}],"author":[{"embeddable":true,"href":"https:\/\/quart-temps-paysan.fr\/index.php\/wp-json\/wp\/v2\/users\/1"}],"replies":[{"embeddable":true,"href":"https:\/\/quart-temps-paysan.fr\/index.php\/wp-json\/wp\/v2\/comments?post=528"}],"version-history":[{"count":68,"href":"https:\/\/quart-temps-paysan.fr\/index.php\/wp-json\/wp\/v2\/pages\/528\/revisions"}],"predecessor-version":[{"id":973,"href":"https:\/\/quart-temps-paysan.fr\/index.php\/wp-json\/wp\/v2\/pages\/528\/revisions\/973"}],"wp:attachment":[{"href":"https:\/\/quart-temps-paysan.fr\/index.php\/wp-json\/wp\/v2\/media?parent=528"}],"curies":[{"name":"wp","href":"https:\/\/api.w.org\/{rel}","templated":true}]}}